{"id":120,"date":"2021-04-14T11:13:53","date_gmt":"2021-04-14T09:13:53","guid":{"rendered":"http:\/\/nervi.fr\/?page_id=120"},"modified":"2021-04-14T11:13:53","modified_gmt":"2021-04-14T09:13:53","slug":"a-propos-de-stpb","status":"publish","type":"page","link":"https:\/\/nervi.fr\/index.php\/a-propos-de-stpb\/","title":{"rendered":"A Propos de STPB"},"content":{"rendered":"\n<p>STPB est une jeune soci\u00e9t\u00e9 sp\u00e9cialis\u00e9e dans les services B to B. Ax\u00e9e sur le monde du BTP, sa d\u00e9marche s&rsquo;inscrit dans une volont\u00e9 d&rsquo;apporter une r\u00e9ponse aux diff\u00e9rents besoins de ses clients, avec comme fils conducteur le d\u00e9veloppement durable qui s&rsquo;articule autour de 3 axes majeurs qui sont : l&rsquo;hygi\u00e8ne, la s\u00e9curit\u00e9 et l&rsquo;environnement. Cette vison est coupl\u00e9e \u00e0 une responsabilit\u00e9 soci\u00e9tale de regroupement de ses achats au niveau local, r\u00e9gional et national.<\/p>\n","protected":false},"excerpt":{"rendered":"<p>STPB est une jeune soci\u00e9t\u00e9 sp\u00e9cialis\u00e9e dans les services B to B. Ax\u00e9e sur le monde du BTP, sa d\u00e9marche s&rsquo;inscrit dans une volont\u00e9 d&rsquo;apporter une r\u00e9ponse aux diff\u00e9rents besoins de ses clients, avec comme fils conducteur le d\u00e9veloppement durable qui s&rsquo;articule autour de 3 axes majeurs qui sont : l&rsquo;hygi\u00e8ne, la s\u00e9curit\u00e9 et l&rsquo;environnement. &hellip; <\/p>\n<p class=\"link-more\"><a href=\"https:\/\/nervi.fr\/index.php\/a-propos-de-stpb\/\" class=\"more-link\">Continuer la lecture <span class=\"screen-reader-text\"> \u00ab\u00a0A Propos de STPB\u00a0\u00bb<\/span><\/a><\/p>\n","protected":false},"author":1,"featured_media":0,"parent":0,"menu_order":0,"comment_status":"closed","ping_status":"closed","template":"","meta":[],"_links":{"self":[{"href":"https:\/\/nervi.fr\/index.php\/wp-json\/wp\/v2\/pages\/120"}],"collection":[{"href":"https:\/\/nervi.fr\/index.php\/wp-json\/wp\/v2\/pages"}],"about":[{"href":"https:\/\/nervi.fr\/index.php\/wp-json\/wp\/v2\/types\/page"}],"author":[{"embeddable":true,"href":"https:\/\/nervi.fr\/index.php\/wp-json\/wp\/v2\/users\/1"}],"replies":[{"embeddable":true,"href":"https:\/\/nervi.fr\/index.php\/wp-json\/wp\/v2\/comments?post=120"}],"version-history":[{"count":1,"href":"https:\/\/nervi.fr\/index.php\/wp-json\/wp\/v2\/pages\/120\/revisions"}],"predecessor-version":[{"id":121,"href":"https:\/\/nervi.fr\/index.php\/wp-json\/wp\/v2\/pages\/120\/revisions\/121"}],"wp:attachment":[{"href":"https:\/\/nervi.fr\/index.php\/wp-json\/wp\/v2\/media?parent=120"}],"curies":[{"name":"wp","href":"https:\/\/api.w.org\/{rel}","templated":true}]}}